{"id":1908,"date":"2025-08-22T18:54:20","date_gmt":"2025-08-22T21:54:20","guid":{"rendered":"https:\/\/www.comarcalamatilde.com.ar\/w\/?post_type=product&#038;p=1908"},"modified":"2025-11-20T13:25:36","modified_gmt":"2025-11-20T16:25:36","slug":"voucher-de-regalo-visita-guiada-con-degustacion","status":"publish","type":"product","link":"https:\/\/www.comarcalamatilde.com.ar\/w\/producto\/voucher-de-regalo-visita-guiada-con-degustacion\/","title":{"rendered":"Visita guiada con degustaci\u00f3n de vinos"},"content":{"rendered":"<p>Regal\u00e1 experiencias: una <strong>visita guiada con vinos, tabla de quesos<\/strong> y la paz de San Javier.<\/p>\n<p>Incluye un recorrido por vi\u00f1edos y bodega,degustaci\u00f3n de 3 etiquetas, una tabla de quesos regionales y agua con\/sin gas.<\/p>\n<p>Duraci\u00f3n aproximada 1hs 30min.<\/p>\n<p>GIFT CARD: V\u00e1lido para utilizarse por 3 meses desde la fecha de compra<\/p>\n<p>Para coordinar d\u00edas y horarios comunicarse al 3544 404512<\/p>\n","protected":false},"excerpt":{"rendered":"<p>Regal\u00e1 experiencias: una visita guiada con vinos, tabla de quesos y la paz de San Javier. Incluye un recorrido por vi\u00f1edos y bodega,degustaci\u00f3n de 3 etiquetas, una tabla de quesos regionales y agua con\/sin gas. Duraci\u00f3n aproximada 1hs 30min. GIFT CARD: V\u00e1lido para utilizarse por 3 meses desde la fecha de compra Para coordinar d\u00edas [&hellip;]<\/p>\n","protected":false},"featured_media":1909,"template":"","meta":[],"product_brand":[],"product_cat":[17],"product_tag":[],"class_list":{"0":"post-1908","1":"product","2":"type-product","3":"status-publish","4":"has-post-thumbnail","6":"product_cat-sin-categorizar","8":"first","9":"instock","10":"downloadable","11":"shipping-taxable","12":"purchasable","13":"product-type-simple"},"yoast_head":"<!-- This site is optimized with the Yoast SEO plugin v26.9 - https:\/\/yoast.com\/product\/yoast-seo-wordpress\/ -->\n<title>Visita guiada con degustaci\u00f3n de vinos - Comarca La Matilde<\/title>\n<meta name=\"robots\" content=\"index, follow, max-snippet:-1, max-image-preview:large, max-video-preview:-1\" \/>\n<link rel=\"canonical\" href=\"https:\/\/www.comarcalamatilde.com.ar\/w\/producto\/voucher-de-regalo-visita-guiada-con-degustacion\/\" \/>\n<meta property=\"og:locale\" content=\"es_ES\" \/>\n<meta property=\"og:type\" content=\"article\" \/>\n<meta property=\"og:title\" content=\"Visita guiada con degustaci\u00f3n de vinos - Comarca La Matilde\" \/>\n<meta property=\"og:description\" content=\"Regal\u00e1 experiencias: una visita guiada con vinos, tabla de quesos y la paz de San Javier. Incluye un recorrido por vi\u00f1edos y bodega,degustaci\u00f3n de 3 etiquetas, una tabla de quesos regionales y agua con\/sin gas. Duraci\u00f3n aproximada 1hs 30min. GIFT CARD: V\u00e1lido para utilizarse por 3 meses desde la fecha de compra Para coordinar d\u00edas [&hellip;]\" \/>\n<meta property=\"og:url\" content=\"https:\/\/www.comarcalamatilde.com.ar\/w\/producto\/voucher-de-regalo-visita-guiada-con-degustacion\/\" \/>\n<meta property=\"og:site_name\" content=\"Comarca La Matilde\" \/>\n<meta property=\"article:modified_time\" content=\"2025-11-20T16:25:36+00:00\" \/>\n<meta property=\"og:image\" content=\"https:\/\/www.comarcalamatilde.com.ar\/w\/wp-content\/uploads\/La-Matilde-620.jpg\" \/>\n\t<meta property=\"og:image:width\" content=\"1240\" \/>\n\t<meta property=\"og:image:height\" content=\"885\" \/>\n\t<meta property=\"og:image:type\" content=\"image\/jpeg\" \/>\n<meta name=\"twitter:card\" content=\"summary_large_image\" \/>\n<meta name=\"twitter:label1\" content=\"Tiempo de lectura\" \/>\n\t<meta name=\"twitter:data1\" content=\"1 minuto\" \/>\n<script type=\"application\/ld+json\" class=\"yoast-schema-graph\">{\"@context\":\"https:\/\/schema.org\",\"@graph\":[{\"@type\":\"WebPage\",\"@id\":\"https:\/\/www.comarcalamatilde.com.ar\/w\/producto\/voucher-de-regalo-visita-guiada-con-degustacion\/\",\"url\":\"https:\/\/www.comarcalamatilde.com.ar\/w\/producto\/voucher-de-regalo-visita-guiada-con-degustacion\/\",\"name\":\"Visita guiada con degustaci\u00f3n de vinos - Comarca La Matilde\",\"isPartOf\":{\"@id\":\"https:\/\/www.comarcalamatilde.com.ar\/w\/#website\"},\"primaryImageOfPage\":{\"@id\":\"https:\/\/www.comarcalamatilde.com.ar\/w\/producto\/voucher-de-regalo-visita-guiada-con-degustacion\/#primaryimage\"},\"image\":{\"@id\":\"https:\/\/www.comarcalamatilde.com.ar\/w\/producto\/voucher-de-regalo-visita-guiada-con-degustacion\/#primaryimage\"},\"thumbnailUrl\":\"https:\/\/www.comarcalamatilde.com.ar\/w\/wp-content\/uploads\/La-Matilde-620.jpg\",\"datePublished\":\"2025-08-22T21:54:20+00:00\",\"dateModified\":\"2025-11-20T16:25:36+00:00\",\"breadcrumb\":{\"@id\":\"https:\/\/www.comarcalamatilde.com.ar\/w\/producto\/voucher-de-regalo-visita-guiada-con-degustacion\/#breadcrumb\"},\"inLanguage\":\"es\",\"potentialAction\":[{\"@type\":\"ReadAction\",\"target\":[\"https:\/\/www.comarcalamatilde.com.ar\/w\/producto\/voucher-de-regalo-visita-guiada-con-degustacion\/\"]}]},{\"@type\":\"ImageObject\",\"inLanguage\":\"es\",\"@id\":\"https:\/\/www.comarcalamatilde.com.ar\/w\/producto\/voucher-de-regalo-visita-guiada-con-degustacion\/#primaryimage\",\"url\":\"https:\/\/www.comarcalamatilde.com.ar\/w\/wp-content\/uploads\/La-Matilde-620.jpg\",\"contentUrl\":\"https:\/\/www.comarcalamatilde.com.ar\/w\/wp-content\/uploads\/La-Matilde-620.jpg\",\"width\":1240,\"height\":885},{\"@type\":\"BreadcrumbList\",\"@id\":\"https:\/\/www.comarcalamatilde.com.ar\/w\/producto\/voucher-de-regalo-visita-guiada-con-degustacion\/#breadcrumb\",\"itemListElement\":[{\"@type\":\"ListItem\",\"position\":1,\"name\":\"Portada\",\"item\":\"https:\/\/www.comarcalamatilde.com.ar\/w\/\"},{\"@type\":\"ListItem\",\"position\":2,\"name\":\"Visita guiada con degustaci\u00f3n de vinos\"}]},{\"@type\":\"WebSite\",\"@id\":\"https:\/\/www.comarcalamatilde.com.ar\/w\/#website\",\"url\":\"https:\/\/www.comarcalamatilde.com.ar\/w\/\",\"name\":\"Comarca La Matilde\",\"description\":\"\",\"publisher\":{\"@id\":\"https:\/\/www.comarcalamatilde.com.ar\/w\/#organization\"},\"potentialAction\":[{\"@type\":\"SearchAction\",\"target\":{\"@type\":\"EntryPoint\",\"urlTemplate\":\"https:\/\/www.comarcalamatilde.com.ar\/w\/?s={search_term_string}\"},\"query-input\":{\"@type\":\"PropertyValueSpecification\",\"valueRequired\":true,\"valueName\":\"search_term_string\"}}],\"inLanguage\":\"es\"},{\"@type\":\"Organization\",\"@id\":\"https:\/\/www.comarcalamatilde.com.ar\/w\/#organization\",\"name\":\"Comarca La Matilde\",\"url\":\"https:\/\/www.comarcalamatilde.com.ar\/w\/\",\"logo\":{\"@type\":\"ImageObject\",\"inLanguage\":\"es\",\"@id\":\"https:\/\/www.comarcalamatilde.com.ar\/w\/#\/schema\/logo\/image\/\",\"url\":\"https:\/\/www.comarcalamatilde.com.ar\/w\/wp-content\/uploads\/lamatilde-logo-superior-1.png\",\"contentUrl\":\"https:\/\/www.comarcalamatilde.com.ar\/w\/wp-content\/uploads\/lamatilde-logo-superior-1.png\",\"width\":310,\"height\":172,\"caption\":\"Comarca La Matilde\"},\"image\":{\"@id\":\"https:\/\/www.comarcalamatilde.com.ar\/w\/#\/schema\/logo\/image\/\"}}]}<\/script>\n<!-- \/ Yoast SEO plugin. -->","yoast_head_json":{"title":"Visita guiada con degustaci\u00f3n de vinos - Comarca La Matilde","robots":{"index":"index","follow":"follow","max-snippet":"max-snippet:-1","max-image-preview":"max-image-preview:large","max-video-preview":"max-video-preview:-1"},"canonical":"https:\/\/www.comarcalamatilde.com.ar\/w\/producto\/voucher-de-regalo-visita-guiada-con-degustacion\/","og_locale":"es_ES","og_type":"article","og_title":"Visita guiada con degustaci\u00f3n de vinos - Comarca La Matilde","og_description":"Regal\u00e1 experiencias: una visita guiada con vinos, tabla de quesos y la paz de San Javier. Incluye un recorrido por vi\u00f1edos y bodega,degustaci\u00f3n de 3 etiquetas, una tabla de quesos regionales y agua con\/sin gas. Duraci\u00f3n aproximada 1hs 30min. GIFT CARD: V\u00e1lido para utilizarse por 3 meses desde la fecha de compra Para coordinar d\u00edas [&hellip;]","og_url":"https:\/\/www.comarcalamatilde.com.ar\/w\/producto\/voucher-de-regalo-visita-guiada-con-degustacion\/","og_site_name":"Comarca La Matilde","article_modified_time":"2025-11-20T16:25:36+00:00","og_image":[{"width":1240,"height":885,"url":"https:\/\/www.comarcalamatilde.com.ar\/w\/wp-content\/uploads\/La-Matilde-620.jpg","type":"image\/jpeg"}],"twitter_card":"summary_large_image","twitter_misc":{"Tiempo de lectura":"1 minuto"},"schema":{"@context":"https:\/\/schema.org","@graph":[{"@type":"WebPage","@id":"https:\/\/www.comarcalamatilde.com.ar\/w\/producto\/voucher-de-regalo-visita-guiada-con-degustacion\/","url":"https:\/\/www.comarcalamatilde.com.ar\/w\/producto\/voucher-de-regalo-visita-guiada-con-degustacion\/","name":"Visita guiada con degustaci\u00f3n de vinos - Comarca La Matilde","isPartOf":{"@id":"https:\/\/www.comarcalamatilde.com.ar\/w\/#website"},"primaryImageOfPage":{"@id":"https:\/\/www.comarcalamatilde.com.ar\/w\/producto\/voucher-de-regalo-visita-guiada-con-degustacion\/#primaryimage"},"image":{"@id":"https:\/\/www.comarcalamatilde.com.ar\/w\/producto\/voucher-de-regalo-visita-guiada-con-degustacion\/#primaryimage"},"thumbnailUrl":"https:\/\/www.comarcalamatilde.com.ar\/w\/wp-content\/uploads\/La-Matilde-620.jpg","datePublished":"2025-08-22T21:54:20+00:00","dateModified":"2025-11-20T16:25:36+00:00","breadcrumb":{"@id":"https:\/\/www.comarcalamatilde.com.ar\/w\/producto\/voucher-de-regalo-visita-guiada-con-degustacion\/#breadcrumb"},"inLanguage":"es","potentialAction":[{"@type":"ReadAction","target":["https:\/\/www.comarcalamatilde.com.ar\/w\/producto\/voucher-de-regalo-visita-guiada-con-degustacion\/"]}]},{"@type":"ImageObject","inLanguage":"es","@id":"https:\/\/www.comarcalamatilde.com.ar\/w\/producto\/voucher-de-regalo-visita-guiada-con-degustacion\/#primaryimage","url":"https:\/\/www.comarcalamatilde.com.ar\/w\/wp-content\/uploads\/La-Matilde-620.jpg","contentUrl":"https:\/\/www.comarcalamatilde.com.ar\/w\/wp-content\/uploads\/La-Matilde-620.jpg","width":1240,"height":885},{"@type":"BreadcrumbList","@id":"https:\/\/www.comarcalamatilde.com.ar\/w\/producto\/voucher-de-regalo-visita-guiada-con-degustacion\/#breadcrumb","itemListElement":[{"@type":"ListItem","position":1,"name":"Portada","item":"https:\/\/www.comarcalamatilde.com.ar\/w\/"},{"@type":"ListItem","position":2,"name":"Visita guiada con degustaci\u00f3n de vinos"}]},{"@type":"WebSite","@id":"https:\/\/www.comarcalamatilde.com.ar\/w\/#website","url":"https:\/\/www.comarcalamatilde.com.ar\/w\/","name":"Comarca La Matilde","description":"","publisher":{"@id":"https:\/\/www.comarcalamatilde.com.ar\/w\/#organization"},"potentialAction":[{"@type":"SearchAction","target":{"@type":"EntryPoint","urlTemplate":"https:\/\/www.comarcalamatilde.com.ar\/w\/?s={search_term_string}"},"query-input":{"@type":"PropertyValueSpecification","valueRequired":true,"valueName":"search_term_string"}}],"inLanguage":"es"},{"@type":"Organization","@id":"https:\/\/www.comarcalamatilde.com.ar\/w\/#organization","name":"Comarca La Matilde","url":"https:\/\/www.comarcalamatilde.com.ar\/w\/","logo":{"@type":"ImageObject","inLanguage":"es","@id":"https:\/\/www.comarcalamatilde.com.ar\/w\/#\/schema\/logo\/image\/","url":"https:\/\/www.comarcalamatilde.com.ar\/w\/wp-content\/uploads\/lamatilde-logo-superior-1.png","contentUrl":"https:\/\/www.comarcalamatilde.com.ar\/w\/wp-content\/uploads\/lamatilde-logo-superior-1.png","width":310,"height":172,"caption":"Comarca La Matilde"},"image":{"@id":"https:\/\/www.comarcalamatilde.com.ar\/w\/#\/schema\/logo\/image\/"}}]}},"_links":{"self":[{"href":"https:\/\/www.comarcalamatilde.com.ar\/w\/wp-json\/wp\/v2\/product\/1908","targetHints":{"allow":["GET"]}}],"collection":[{"href":"https:\/\/www.comarcalamatilde.com.ar\/w\/wp-json\/wp\/v2\/product"}],"about":[{"href":"https:\/\/www.comarcalamatilde.com.ar\/w\/wp-json\/wp\/v2\/types\/product"}],"wp:featuredmedia":[{"embeddable":true,"href":"https:\/\/www.comarcalamatilde.com.ar\/w\/wp-json\/wp\/v2\/media\/1909"}],"wp:attachment":[{"href":"https:\/\/www.comarcalamatilde.com.ar\/w\/wp-json\/wp\/v2\/media?parent=1908"}],"wp:term":[{"taxonomy":"product_brand","embeddable":true,"href":"https:\/\/www.comarcalamatilde.com.ar\/w\/wp-json\/wp\/v2\/product_brand?post=1908"},{"taxonomy":"product_cat","embeddable":true,"href":"https:\/\/www.comarcalamatilde.com.ar\/w\/wp-json\/wp\/v2\/product_cat?post=1908"},{"taxonomy":"product_tag","embeddable":true,"href":"https:\/\/www.comarcalamatilde.com.ar\/w\/wp-json\/wp\/v2\/product_tag?post=1908"}],"curies":[{"name":"wp","href":"https:\/\/api.w.org\/{rel}","templated":true}]}}